{"id":1987,"date":"2023-04-27T15:01:04","date_gmt":"2023-04-27T15:01:04","guid":{"rendered":"https:\/\/calmaibizamassage.com\/legal-notice\/"},"modified":"2026-05-11T16:50:26","modified_gmt":"2026-05-11T16:50:26","slug":"legal-notice","status":"publish","type":"page","link":"https:\/\/calmaibizamassage.com\/en\/legal-notice\/","title":{"rendered":"Legal Notice"},"content":{"rendered":"\n<p>En cumplimiento de la Ley 34\/2002, de 11 de julio, de Servicios de la Sociedad de la Informaci\u00f3n y del Comercio Electr\u00f3nico, se informa que el titular de esta web es D\u00e1nae cuenca Guerrero&nbsp; con NIF 53748297B y con domicilio enc\/historiador Joan Mar\u00ed Cardona siendo su actividad social\u2026quiromasajista y Facialista<\/p>\n\n\n\n<p>En este espacio encontrar\u00e1s toda la informaci\u00f3n relativa a los t\u00e9rminos y condiciones legales que definen las relaciones entre los usuarios y yo como como responsable de esta web.<\/p>\n\n\n\n<p>Como usuario, es importante que conozcas estos t\u00e9rminos antes de continuar navegando por la misma.<\/p>\n\n\n\n<p><strong>Finalidad de la web<\/strong><\/p>\n\n\n\n<p>El objeto de esta web es ofrecer un espacio donde puedes conocer mi trabajo, disfrutar de mis contenidos y acceder a formaciones espec\u00edficas de bienestar.<br><\/p>\n\n\n\n<p><strong>Uso de la web<\/strong><\/p>\n\n\n\n<p>Al acceder a la web adquieres la condici\u00f3n de USUARIO, aceptando las presentes condiciones de uso. No obstante, por el mero uso de la web no significa el inicio de una relaci\u00f3n laboral\/comercial entre nosotros.<\/p>\n\n\n\n<p>Como usuario te comprometes a hacer un uso adecuado de los contenidos que se ofrecen a trav\u00e9s de esta web, por lo que te comprometes, entre otros, a no emplearlos para:<\/p>\n\n\n\n<ul class=\"wp-block-list\">\n<li>Incurrir en actividades il\u00edcitas, ilegales o contrarias a la buena fe y al orden p\u00fablico.<\/li>\n\n\n\n<li>Difundir contenidos o propaganda de car\u00e1cter racista, xen\u00f3fobo, pornogr\u00e1fico, de apolog\u00eda del terrorismo o atentado contra los derechos humanos.<\/li>\n\n\n\n<li>Provocar da\u00f1os en los sistemas f\u00edsicos y l\u00f3gicos de (tu nombre comercial), de sus proveedores o de terceras personas, introducir o difundir en la red virus inform\u00e1ticos o cualquiera otros sistemas f\u00edsicos o l\u00f3gicos que sean susceptibles de provocar los da\u00f1os anteriormente mencionados.<\/li>\n\n\n\n<li>Intentar acceder y, en su caso, utilizar las cuentas de correo electr\u00f3nico de otros usuarios y modificar o manipular sus mensajes.<\/li>\n<\/ul>\n\n\n\n<p>Me reservo el derecho de retirar todos aquellos comentarios y aportaciones que vulneren el respeto a la dignidad de la persona, que sean discriminatorios, xen\u00f3fobos, racistas, pornogr\u00e1ficos, que atenten contra la juventud o la infancia, el orden o la seguridad p\u00fablica o que, a su juicio, no resultaran adecuados para su publicaci\u00f3n.<\/p>\n\n\n\n<p>No ser\u00e9 responsable de las opiniones vertidas por los usuarios a trav\u00e9s del blog u otras herramientas de participaci\u00f3n que puedan crearse, conforme a lo previsto en la normativa de aplicaci\u00f3n.<\/p>\n\n\n\n<p><strong>Pol\u00edtica de enlaces<\/strong><\/p>\n\n\n\n<p>Esta web puede enlazar a contenidos de otros blogs que considere de inter\u00e9s para el tema tratado.<\/p>\n\n\n\n<p>Siempre se enlaza con sitios de confianza y que sean respetuosos con tus derechos como usuario. No obstante, no se puede responder de los resultados que puedas obtener con motivo del acceso a tales sitios enlazados.<\/p>\n\n\n\n<p>Tambi\u00e9n puede incluirse enlaces de afiliados de productos recomendados, que no supondr\u00e1n un incremento de su coste.<\/p>\n\n\n\n<p><strong>Protecci\u00f3n de datos<\/strong><\/p>\n\n\n\n<p>De conformidad con la Ley Org\u00e1nica 3\/2018, de 5 de diciembre, de Protecci\u00f3n de Datos Personales y garant\u00eda de los derechos digitales y el Reglamento (UE) 2016\/679 del Parlamento Europeo, el Prestador se compromete a adoptar las medidas t\u00e9cnicas y organizativas necesarias, seg\u00fan el nivel de seguridad de los datos recabados, de forma que garanticen la seguridad de los datos de car\u00e1cter personal y eviten su alteraci\u00f3n, p\u00e9rdida, tratamiento o acceso no autorizado.<\/p>\n\n\n\n<p>Para ampliar informaci\u00f3n, consulte la pol\u00edtica de privacidad de esta web.<\/p>\n\n\n\n<p><strong>Propiedad intelectual<\/strong><\/p>\n\n\n\n<p>Soy titular de todos los derechos de propiedad intelectual de la web, as\u00ed como de los elementos contenidos en la misma ; a t\u00edtulo enunciativo, im\u00e1genes, sonido, audio, v\u00eddeo, software o textos, marcas o logotipos, combinaciones de colores, estructura y dise\u00f1o, selecci\u00f3n de materiales usados, programas de ordenador necesarios para su funcionamiento, acceso y uso, etc.<\/p>\n\n\n\n<p>Cualquier uso no autorizado previamente por m\u00ed, ser\u00e1 considerado un incumplimiento grave de los derechos de propiedad intelectual o industrial del autor.<\/p>\n\n\n\n<p>Para realizar cualquier tipo de observaci\u00f3n respecto a posibles incumplimientos de los derechos de propiedad intelectual o industrial, as\u00ed como sobre cualquiera de los contenidos del sitio web, puede hacerlo a trav\u00e9s del siguiente correo electr\u00f3nico: calmaibizamassage@gmail.com<\/p>\n\n\n\n<p><strong>Exclusi\u00f3n de garant\u00edas y responsabilidad<\/strong><\/p>\n\n\n\n<p>No garantizo la continuidad, disponibilidad y utilidad de la web, ni de los Contenidos o Servicios. Har\u00e9 todo lo posible por el buen funcionamiento de la misma, sin embargo, no me responsabilizo ni garantizo que el acceso a esta web no vaya a ser ininterrumpido o que est\u00e9 libre de error.<br><\/p>\n\n\n\n<p><strong>Duraci\u00f3n y modificaci\u00f3n<\/strong><\/p>\n\n\n\n<p>Este aviso legal podr\u00e1 ser modificado en cualquier momento, atendiendo a la evoluci\u00f3n de esta web y los contenidos en ella ofrecidos.<\/p>\n\n\n\n<p>Igualmente en la web se puede cambiar, suprimir o a\u00f1adir tanto los contenidos y servicios que se presten a trav\u00e9s de la misma como la forma en la que \u00e9stos aparezcan presentados o localizadas en la web.<\/p>\n\n\n\n<p><strong>Legislaci\u00f3n aplicable y Jurisdicci\u00f3n<\/strong><\/p>\n\n\n\n<p>Para la resoluci\u00f3n de todas las controversias o cuestiones relacionadas con el presente sitio web o de las actividades en \u00e9l desarrolladas, ser\u00e1 de aplicaci\u00f3n la legislaci\u00f3n espa\u00f1ola, a la que se someten expresamente las partes, siendo competentes para la resoluci\u00f3n de todos los conflictos derivados o relacionados con su uso los Juzgados y Tribunales de Ibiza.<\/p>\n","protected":false},"excerpt":{"rendered":"<p>En cumplimiento de la Ley 34\/2002, de 11 de julio, de Servicios de la Sociedad de la Informaci\u00f3n y del Comercio Electr\u00f3nico, se informa que el titular de esta web es D\u00e1nae cuenca Guerrero&nbsp; con NIF 53748297B y con domicilio enc\/historiador Joan Mar\u00ed Cardona siendo su actividad social\u2026quiromasajista y Facialista En este espacio encontrar\u00e1s toda &#8230; <a title=\"Legal Notice\" class=\"read-more\" href=\"https:\/\/calmaibizamassage.com\/en\/legal-notice\/\" aria-label=\"Read more about Legal Notice\">Read more<\/a><\/p>\n","protected":false},"author":1,"featured_media":0,"parent":0,"menu_order":0,"comment_status":"closed","ping_status":"closed","template":"","meta":{"_joinchat":[],"footnotes":""},"class_list":["post-1987","page","type-page","status-publish"],"yoast_head":"<!-- This site is optimized with the Yoast SEO plugin v27.5 - https:\/\/yoast.com\/product\/yoast-seo-wordpress\/ -->\n<title>Legal Notice - Calma Ibiza Massage<\/title>\n<meta name=\"robots\" content=\"index, follow, max-snippet:-1, max-image-preview:large, max-video-preview:-1\" \/>\n<link rel=\"canonical\" href=\"https:\/\/calmaibizamassage.com\/en\/legal-notice\/\" \/>\n<meta property=\"og:locale\" content=\"en_US\" \/>\n<meta property=\"og:type\" content=\"article\" \/>\n<meta property=\"og:title\" content=\"Legal Notice - Calma Ibiza Massage\" \/>\n<meta property=\"og:description\" content=\"En cumplimiento de la Ley 34\/2002, de 11 de julio, de Servicios de la Sociedad de la Informaci\u00f3n y del Comercio Electr\u00f3nico, se informa que el titular de esta web es D\u00e1nae cuenca Guerrero&nbsp; con NIF 53748297B y con domicilio enc\/historiador Joan Mar\u00ed Cardona siendo su actividad social\u2026quiromasajista y Facialista En este espacio encontrar\u00e1s toda ... Read more\" \/>\n<meta property=\"og:url\" content=\"https:\/\/calmaibizamassage.com\/en\/legal-notice\/\" \/>\n<meta property=\"og:site_name\" content=\"Calma Ibiza Massage\" \/>\n<meta property=\"article:modified_time\" content=\"2026-05-11T16:50:26+00:00\" \/>\n<meta property=\"og:image\" content=\"https:\/\/calmaibizamassage.com\/wp-content\/uploads\/2023\/04\/CALMA-IBIZA-1.png\" \/>\n\t<meta property=\"og:image:width\" content=\"323\" \/>\n\t<meta property=\"og:image:height\" content=\"356\" \/>\n\t<meta property=\"og:image:type\" content=\"image\/png\" \/>\n<meta name=\"twitter:card\" content=\"summary_large_image\" \/>\n<meta name=\"twitter:label1\" content=\"Est. reading time\" \/>\n\t<meta name=\"twitter:data1\" content=\"4 minutes\" \/>\n<script type=\"application\/ld+json\" class=\"yoast-schema-graph\">{\"@context\":\"https:\\\/\\\/schema.org\",\"@graph\":[{\"@type\":\"WebPage\",\"@id\":\"https:\\\/\\\/calmaibizamassage.com\\\/en\\\/legal-notice\\\/\",\"url\":\"https:\\\/\\\/calmaibizamassage.com\\\/en\\\/legal-notice\\\/\",\"name\":\"Legal Notice - Calma Ibiza Massage\",\"isPartOf\":{\"@id\":\"https:\\\/\\\/calmaibizamassage.com\\\/#website\"},\"datePublished\":\"2023-04-27T15:01:04+00:00\",\"dateModified\":\"2026-05-11T16:50:26+00:00\",\"breadcrumb\":{\"@id\":\"https:\\\/\\\/calmaibizamassage.com\\\/en\\\/legal-notice\\\/#breadcrumb\"},\"inLanguage\":\"en-US\",\"potentialAction\":[{\"@type\":\"ReadAction\",\"target\":[\"https:\\\/\\\/calmaibizamassage.com\\\/en\\\/legal-notice\\\/\"]}]},{\"@type\":\"BreadcrumbList\",\"@id\":\"https:\\\/\\\/calmaibizamassage.com\\\/en\\\/legal-notice\\\/#breadcrumb\",\"itemListElement\":[{\"@type\":\"ListItem\",\"position\":1,\"name\":\"Portada\",\"item\":\"https:\\\/\\\/calmaibizamassage.com\\\/en\\\/\"},{\"@type\":\"ListItem\",\"position\":2,\"name\":\"Legal Notice\"}]},{\"@type\":\"WebSite\",\"@id\":\"https:\\\/\\\/calmaibizamassage.com\\\/#website\",\"url\":\"https:\\\/\\\/calmaibizamassage.com\\\/\",\"name\":\"Calma Ibiza Massage\",\"description\":\"By Danae Cuenca\",\"publisher\":{\"@id\":\"https:\\\/\\\/calmaibizamassage.com\\\/#organization\"},\"potentialAction\":[{\"@type\":\"SearchAction\",\"target\":{\"@type\":\"EntryPoint\",\"urlTemplate\":\"https:\\\/\\\/calmaibizamassage.com\\\/?s={search_term_string}\"},\"query-input\":{\"@type\":\"PropertyValueSpecification\",\"valueRequired\":true,\"valueName\":\"search_term_string\"}}],\"inLanguage\":\"en-US\"},{\"@type\":\"Organization\",\"@id\":\"https:\\\/\\\/calmaibizamassage.com\\\/#organization\",\"name\":\"Calma Ibiza Massage\",\"url\":\"https:\\\/\\\/calmaibizamassage.com\\\/\",\"logo\":{\"@type\":\"ImageObject\",\"inLanguage\":\"en-US\",\"@id\":\"https:\\\/\\\/calmaibizamassage.com\\\/#\\\/schema\\\/logo\\\/image\\\/\",\"url\":\"https:\\\/\\\/calmaibizamassage.com\\\/wp-content\\\/uploads\\\/2023\\\/04\\\/CALMA-IBIZA-1.png\",\"contentUrl\":\"https:\\\/\\\/calmaibizamassage.com\\\/wp-content\\\/uploads\\\/2023\\\/04\\\/CALMA-IBIZA-1.png\",\"width\":323,\"height\":356,\"caption\":\"Calma Ibiza Massage\"},\"image\":{\"@id\":\"https:\\\/\\\/calmaibizamassage.com\\\/#\\\/schema\\\/logo\\\/image\\\/\"},\"sameAs\":[\"https:\\\/\\\/www.instagram.com\\\/calma_ibiza_massage\\\/\",\"https:\\\/\\\/www.youtube.com\\\/channel\\\/UCk7MAfH6ToDYqdJJlT1kDbw\"]}]}<\/script>\n<!-- \/ Yoast SEO plugin. -->","yoast_head_json":{"title":"Legal Notice - Calma Ibiza Massage","robots":{"index":"index","follow":"follow","max-snippet":"max-snippet:-1","max-image-preview":"max-image-preview:large","max-video-preview":"max-video-preview:-1"},"canonical":"https:\/\/calmaibizamassage.com\/en\/legal-notice\/","og_locale":"en_US","og_type":"article","og_title":"Legal Notice - Calma Ibiza Massage","og_description":"En cumplimiento de la Ley 34\/2002, de 11 de julio, de Servicios de la Sociedad de la Informaci\u00f3n y del Comercio Electr\u00f3nico, se informa que el titular de esta web es D\u00e1nae cuenca Guerrero&nbsp; con NIF 53748297B y con domicilio enc\/historiador Joan Mar\u00ed Cardona siendo su actividad social\u2026quiromasajista y Facialista En este espacio encontrar\u00e1s toda ... Read more","og_url":"https:\/\/calmaibizamassage.com\/en\/legal-notice\/","og_site_name":"Calma Ibiza Massage","article_modified_time":"2026-05-11T16:50:26+00:00","og_image":[{"width":323,"height":356,"url":"https:\/\/calmaibizamassage.com\/wp-content\/uploads\/2023\/04\/CALMA-IBIZA-1.png","type":"image\/png"}],"twitter_card":"summary_large_image","twitter_misc":{"Est. reading time":"4 minutes"},"schema":{"@context":"https:\/\/schema.org","@graph":[{"@type":"WebPage","@id":"https:\/\/calmaibizamassage.com\/en\/legal-notice\/","url":"https:\/\/calmaibizamassage.com\/en\/legal-notice\/","name":"Legal Notice - Calma Ibiza Massage","isPartOf":{"@id":"https:\/\/calmaibizamassage.com\/#website"},"datePublished":"2023-04-27T15:01:04+00:00","dateModified":"2026-05-11T16:50:26+00:00","breadcrumb":{"@id":"https:\/\/calmaibizamassage.com\/en\/legal-notice\/#breadcrumb"},"inLanguage":"en-US","potentialAction":[{"@type":"ReadAction","target":["https:\/\/calmaibizamassage.com\/en\/legal-notice\/"]}]},{"@type":"BreadcrumbList","@id":"https:\/\/calmaibizamassage.com\/en\/legal-notice\/#breadcrumb","itemListElement":[{"@type":"ListItem","position":1,"name":"Portada","item":"https:\/\/calmaibizamassage.com\/en\/"},{"@type":"ListItem","position":2,"name":"Legal Notice"}]},{"@type":"WebSite","@id":"https:\/\/calmaibizamassage.com\/#website","url":"https:\/\/calmaibizamassage.com\/","name":"Calma Ibiza Massage","description":"By Danae Cuenca","publisher":{"@id":"https:\/\/calmaibizamassage.com\/#organization"},"potentialAction":[{"@type":"SearchAction","target":{"@type":"EntryPoint","urlTemplate":"https:\/\/calmaibizamassage.com\/?s={search_term_string}"},"query-input":{"@type":"PropertyValueSpecification","valueRequired":true,"valueName":"search_term_string"}}],"inLanguage":"en-US"},{"@type":"Organization","@id":"https:\/\/calmaibizamassage.com\/#organization","name":"Calma Ibiza Massage","url":"https:\/\/calmaibizamassage.com\/","logo":{"@type":"ImageObject","inLanguage":"en-US","@id":"https:\/\/calmaibizamassage.com\/#\/schema\/logo\/image\/","url":"https:\/\/calmaibizamassage.com\/wp-content\/uploads\/2023\/04\/CALMA-IBIZA-1.png","contentUrl":"https:\/\/calmaibizamassage.com\/wp-content\/uploads\/2023\/04\/CALMA-IBIZA-1.png","width":323,"height":356,"caption":"Calma Ibiza Massage"},"image":{"@id":"https:\/\/calmaibizamassage.com\/#\/schema\/logo\/image\/"},"sameAs":["https:\/\/www.instagram.com\/calma_ibiza_massage\/","https:\/\/www.youtube.com\/channel\/UCk7MAfH6ToDYqdJJlT1kDbw"]}]}},"_links":{"self":[{"href":"https:\/\/calmaibizamassage.com\/en\/wp-json\/wp\/v2\/pages\/1987","targetHints":{"allow":["GET"]}}],"collection":[{"href":"https:\/\/calmaibizamassage.com\/en\/wp-json\/wp\/v2\/pages"}],"about":[{"href":"https:\/\/calmaibizamassage.com\/en\/wp-json\/wp\/v2\/types\/page"}],"author":[{"embeddable":true,"href":"https:\/\/calmaibizamassage.com\/en\/wp-json\/wp\/v2\/users\/1"}],"replies":[{"embeddable":true,"href":"https:\/\/calmaibizamassage.com\/en\/wp-json\/wp\/v2\/comments?post=1987"}],"version-history":[{"count":3,"href":"https:\/\/calmaibizamassage.com\/en\/wp-json\/wp\/v2\/pages\/1987\/revisions"}],"predecessor-version":[{"id":2055,"href":"https:\/\/calmaibizamassage.com\/en\/wp-json\/wp\/v2\/pages\/1987\/revisions\/2055"}],"wp:attachment":[{"href":"https:\/\/calmaibizamassage.com\/en\/wp-json\/wp\/v2\/media?parent=1987"}],"curies":[{"name":"wp","href":"https:\/\/api.w.org\/{rel}","templated":true}]}}