{"id":2014,"date":"2023-04-27T14:31:33","date_gmt":"2023-04-27T14:31:33","guid":{"rendered":"https:\/\/calmaibizamassage.com\/contact\/"},"modified":"2023-04-27T14:31:33","modified_gmt":"2023-04-27T14:31:33","slug":"contact","status":"publish","type":"page","link":"https:\/\/calmaibizamassage.com\/en\/contact\/","title":{"rendered":"Contact"},"content":{"rendered":"\t\t<div data-elementor-type=\"wp-page\" data-elementor-id=\"2014\" class=\"elementor elementor-2014 elementor-38\" data-elementor-post-type=\"page\">\n\t\t\t\t\t\t<section class=\"elementor-section elementor-top-section elementor-element elementor-element-abb4b4a elementor-section-full_width elementor-section-stretched elementor-section-height-default elementor-section-height-default\" data-id=\"abb4b4a\" data-element_type=\"section\" data-e-type=\"section\" data-settings=\"{&quot;stretch_section&quot;:&quot;section-stretched&quot;}\">\n\t\t\t\t\t\t<div class=\"elementor-container elementor-column-gap-default\">\n\t\t\t\t\t<div class=\"elementor-column elementor-col-100 elementor-top-column elementor-element elementor-element-753065e\" data-id=\"753065e\" data-element_type=\"column\" data-e-type=\"column\">\n\t\t\t<div class=\"elementor-widget-wrap elementor-element-populated\">\n\t\t\t\t\t\t<div class=\"elementor-element elementor-element-00977bc elementor-widget elementor-widget-image\" data-id=\"00977bc\" data-element_type=\"widget\" data-e-type=\"widget\" data-widget_type=\"image.default\">\n\t\t\t\t<div class=\"elementor-widget-container\">\n\t\t\t\t\t\t\t\t\t\t\t\t\t\t\t<img fetchpriority=\"high\" decoding=\"async\" width=\"2560\" height=\"1707\" src=\"https:\/\/calmaibizamassage.com\/wp-content\/uploads\/2023\/05\/774-scaled.jpeg\" class=\"attachment-full size-full wp-image-1424\" alt=\"\" srcset=\"https:\/\/calmaibizamassage.com\/wp-content\/uploads\/2023\/05\/774-scaled.jpeg 2560w, https:\/\/calmaibizamassage.com\/wp-content\/uploads\/2023\/05\/774-300x200.jpeg 300w, https:\/\/calmaibizamassage.com\/wp-content\/uploads\/2023\/05\/774-1024x683.jpeg 1024w, https:\/\/calmaibizamassage.com\/wp-content\/uploads\/2023\/05\/774-768x512.jpeg 768w, https:\/\/calmaibizamassage.com\/wp-content\/uploads\/2023\/05\/774-1536x1024.jpeg 1536w, https:\/\/calmaibizamassage.com\/wp-content\/uploads\/2023\/05\/774-2048x1365.jpeg 2048w\" sizes=\"(max-width: 2560px) 100vw, 2560px\" \/>\t\t\t\t\t\t\t\t\t\t\t\t\t\t\t<\/div>\n\t\t\t\t<\/div>\n\t\t\t\t\t<\/div>\n\t\t<\/div>\n\t\t\t\t\t<\/div>\n\t\t<\/section>\n\t\t\t\t<section class=\"elementor-section elementor-top-section elementor-element elementor-element-6b32fdad elementor-section-full_width elementor-section-stretched elementor-section-height-default elementor-section-height-default\" data-id=\"6b32fdad\" data-element_type=\"section\" data-e-type=\"section\" data-settings=\"{&quot;stretch_section&quot;:&quot;section-stretched&quot;,&quot;background_background&quot;:&quot;classic&quot;}\">\n\t\t\t\t\t\t<div class=\"elementor-container elementor-column-gap-default\">\n\t\t\t\t\t<div class=\"elementor-column elementor-col-100 elementor-top-column elementor-element elementor-element-5d6e00a5\" data-id=\"5d6e00a5\" data-element_type=\"column\" data-e-type=\"column\">\n\t\t\t<div class=\"elementor-widget-wrap elementor-element-populated\">\n\t\t\t\t\t\t<div class=\"elementor-element elementor-element-5690c699 elementor-widget elementor-widget-text-editor\" data-id=\"5690c699\" data-element_type=\"widget\" data-e-type=\"widget\" data-widget_type=\"text-editor.default\">\n\t\t\t\t<div class=\"elementor-widget-container\">\n\t\t\t\t\t\t\t\t\t<p>Si has llegado hasta aqu\u00ed es porque o bien necesitas <strong>m\u00e1s informaci\u00f3n<\/strong> o porque quieres <strong>reservar<\/strong> alguno de nuestros tratamientos.\u00a0<br \/>En cualquier de los dos casos <strong>puedes ponerte en contacto<\/strong> rellenando el siguiente <strong>formulario<\/strong> o a trav\u00e9s de <b>W<\/b><strong style=\"color: var( --e-global-color-text ); background-color: rgba(0, 0, 0, 0);\">hatsapp<\/strong><\/p>\t\t\t\t\t\t\t\t<\/div>\n\t\t\t\t<\/div>\n\t\t\t\t\t<\/div>\n\t\t<\/div>\n\t\t\t\t\t<\/div>\n\t\t<\/section>\n\t\t\t\t<section class=\"elementor-section elementor-top-section elementor-element elementor-element-6f4d362 elementor-section-full_width elementor-section-stretched elementor-section-height-default elementor-section-height-default\" data-id=\"6f4d362\" data-element_type=\"section\" data-e-type=\"section\" data-settings=\"{&quot;stretch_section&quot;:&quot;section-stretched&quot;,&quot;background_background&quot;:&quot;classic&quot;}\">\n\t\t\t\t\t\t<div class=\"elementor-container elementor-column-gap-default\">\n\t\t\t\t\t<div class=\"elementor-column elementor-col-100 elementor-top-column elementor-element elementor-element-633bfb8\" data-id=\"633bfb8\" data-element_type=\"column\" data-e-type=\"column\">\n\t\t\t<div class=\"elementor-widget-wrap elementor-element-populated\">\n\t\t\t\t\t\t<div class=\"elementor-element elementor-element-03f4950 elementor-widget elementor-widget-spacer\" data-id=\"03f4950\" data-element_type=\"widget\" data-e-type=\"widget\" data-widget_type=\"spacer.default\">\n\t\t\t\t<div class=\"elementor-widget-container\">\n\t\t\t\t\t\t\t<div class=\"elementor-spacer\">\n\t\t\t<div class=\"elementor-spacer-inner\"><\/div>\n\t\t<\/div>\n\t\t\t\t\t\t<\/div>\n\t\t\t\t<\/div>\n\t\t\t\t<section class=\"elementor-section elementor-inner-section elementor-element elementor-element-5db8943 elementor-section-full_width elementor-section-content-middle elementor-section-height-default elementor-section-height-default\" data-id=\"5db8943\" data-element_type=\"section\" data-e-type=\"section\">\n\t\t\t\t\t\t<div class=\"elementor-container elementor-column-gap-default\">\n\t\t\t\t\t<div class=\"elementor-column elementor-col-50 elementor-inner-column elementor-element elementor-element-febce85\" data-id=\"febce85\" data-element_type=\"column\" data-e-type=\"column\" data-settings=\"{&quot;background_background&quot;:&quot;classic&quot;}\">\n\t\t\t<div class=\"elementor-widget-wrap elementor-element-populated\">\n\t\t\t\t\t\t<div class=\"elementor-element elementor-element-5b21839 elementor-widget elementor-widget-heading\" data-id=\"5b21839\" data-element_type=\"widget\" data-e-type=\"widget\" data-widget_type=\"heading.default\">\n\t\t\t\t<div class=\"elementor-widget-container\">\n\t\t\t\t\t<h2 class=\"elementor-heading-title elementor-size-default\">Con\u00f3cenos m\u00e1s<\/h2>\t\t\t\t<\/div>\n\t\t\t\t<\/div>\n\t\t\t\t<div class=\"elementor-element elementor-element-d068a28 elementor-shape-rounded elementor-grid-0 e-grid-align-center elementor-widget elementor-widget-social-icons\" data-id=\"d068a28\" data-element_type=\"widget\" data-e-type=\"widget\" data-widget_type=\"social-icons.default\">\n\t\t\t\t<div class=\"elementor-widget-container\">\n\t\t\t\t\t\t\t<div class=\"elementor-social-icons-wrapper elementor-grid\" role=\"list\">\n\t\t\t\t\t\t\t<span class=\"elementor-grid-item\" role=\"listitem\">\n\t\t\t\t\t<a class=\"elementor-icon elementor-social-icon elementor-social-icon-envelope elementor-repeater-item-3a94644\" href=\"mailto:info@calmaibizamassage.com\" target=\"_blank\">\n\t\t\t\t\t\t<span class=\"elementor-screen-only\">Envelope<\/span>\n\t\t\t\t\t\t<i aria-hidden=\"true\" class=\"far fa-envelope\"><\/i>\t\t\t\t\t<\/a>\n\t\t\t\t<\/span>\n\t\t\t\t\t\t\t<span class=\"elementor-grid-item\" role=\"listitem\">\n\t\t\t\t\t<a class=\"elementor-icon elementor-social-icon elementor-social-icon-youtube elementor-repeater-item-325a9bc\" href=\"https:\/\/www.youtube.com\/channel\/UCk7MAfH6ToDYqdJJlT1kDbw\" target=\"_blank\">\n\t\t\t\t\t\t<span class=\"elementor-screen-only\">Youtube<\/span>\n\t\t\t\t\t\t<i aria-hidden=\"true\" class=\"fab fa-youtube\"><\/i>\t\t\t\t\t<\/a>\n\t\t\t\t<\/span>\n\t\t\t\t\t\t\t<span class=\"elementor-grid-item\" role=\"listitem\">\n\t\t\t\t\t<a class=\"elementor-icon elementor-social-icon elementor-social-icon-instagram elementor-repeater-item-f851dc5\" href=\"https:\/\/www.instagram.com\/calma_ibiza_massage\/\" target=\"_blank\">\n\t\t\t\t\t\t<span class=\"elementor-screen-only\">Instagram<\/span>\n\t\t\t\t\t\t<i aria-hidden=\"true\" class=\"fab fa-instagram\"><\/i>\t\t\t\t\t<\/a>\n\t\t\t\t<\/span>\n\t\t\t\t\t<\/div>\n\t\t\t\t\t\t<\/div>\n\t\t\t\t<\/div>\n\t\t\t\t\t<\/div>\n\t\t<\/div>\n\t\t\t\t<div class=\"elementor-column elementor-col-50 elementor-inner-column elementor-element elementor-element-690e37b\" data-id=\"690e37b\" data-element_type=\"column\" data-e-type=\"column\">\n\t\t\t<div class=\"elementor-widget-wrap elementor-element-populated\">\n\t\t\t\t\t\t<div class=\"elementor-element elementor-element-f38162a elementor-widget elementor-widget-heading\" data-id=\"f38162a\" data-element_type=\"widget\" data-e-type=\"widget\" data-widget_type=\"heading.default\">\n\t\t\t\t<div class=\"elementor-widget-container\">\n\t\t\t\t\t<h2 class=\"elementor-heading-title elementor-size-default\">Cont\u00e1ctame<\/h2>\t\t\t\t<\/div>\n\t\t\t\t<\/div>\n\t\t\t\t<div class=\"elementor-element elementor-element-bf967c0 elementor-widget elementor-widget-text-editor\" data-id=\"bf967c0\" data-element_type=\"widget\" data-e-type=\"widget\" data-widget_type=\"text-editor.default\">\n\t\t\t\t<div class=\"elementor-widget-container\">\n\t\t\t\t\t\t\t\t\tRellena el formulario y te contestar\u00e9 lo antes posible.\n\t\t\t\t\t\t\t\t<\/div>\n\t\t\t\t<\/div>\n\t\t\t\t<div class=\"elementor-element elementor-element-9a8ba08 elementor-button-align-stretch elementor-widget elementor-widget-form\" data-id=\"9a8ba08\" data-element_type=\"widget\" data-e-type=\"widget\" data-settings=\"{&quot;step_next_label&quot;:&quot;Siguiente&quot;,&quot;step_previous_label&quot;:&quot;Anterior&quot;,&quot;button_width&quot;:&quot;100&quot;,&quot;step_type&quot;:&quot;number_text&quot;,&quot;step_icon_shape&quot;:&quot;circle&quot;}\" data-widget_type=\"form.default\">\n\t\t\t\t<div class=\"elementor-widget-container\">\n\t\t\t\t\t\t\t<form class=\"elementor-form\" method=\"post\" name=\"Nuevo formulario\" aria-label=\"Nuevo formulario\">\n\t\t\t<input type=\"hidden\" name=\"post_id\" value=\"2014\"\/>\n\t\t\t<input type=\"hidden\" name=\"form_id\" value=\"9a8ba08\"\/>\n\t\t\t<input type=\"hidden\" name=\"referer_title\" value=\"Contact - Calma Ibiza Massage\" \/>\n\n\t\t\t\t\t\t\t<input type=\"hidden\" name=\"queried_id\" value=\"2014\"\/>\n\t\t\t\n\t\t\t<div class=\"elementor-form-fields-wrapper elementor-labels-above\">\n\t\t\t\t\t\t\t\t<div class=\"elementor-field-type-text elementor-field-group elementor-column elementor-field-group-name elementor-col-50\">\n\t\t\t\t\t\t\t\t\t\t\t\t\t<input size=\"1\" type=\"text\" name=\"form_fields[name]\" id=\"form-field-name\" class=\"elementor-field elementor-size-sm  elementor-field-textual\" placeholder=\"Nombre\">\n\t\t\t\t\t\t\t\t\t\t\t<\/div>\n\t\t\t\t\t\t\t\t<div class=\"elementor-field-type-email elementor-field-group elementor-column elementor-field-group-email elementor-col-50 elementor-field-required\">\n\t\t\t\t\t\t\t\t\t\t\t\t\t<input size=\"1\" type=\"email\" name=\"form_fields[email]\" id=\"form-field-email\" class=\"elementor-field elementor-size-sm  elementor-field-textual\" placeholder=\"EMAIL\" required=\"required\">\n\t\t\t\t\t\t\t\t\t\t\t<\/div>\n\t\t\t\t\t\t\t\t<div class=\"elementor-field-type-textarea elementor-field-group elementor-column elementor-field-group-message elementor-col-100\">\n\t\t\t\t\t<textarea class=\"elementor-field-textual elementor-field  elementor-size-sm\" name=\"form_fields[message]\" id=\"form-field-message\" rows=\"8\" placeholder=\"Mensaje\"><\/textarea>\t\t\t\t<\/div>\n\t\t\t\t\t\t\t\t<div class=\"elementor-field-type-checkbox elementor-field-group elementor-column elementor-field-group-field_8efad73 elementor-col-100\">\n\t\t\t\t\t<div class=\"elementor-field-subgroup  \"><span class=\"elementor-field-option\"><input type=\"checkbox\" value=\"Acepto la &lt;a href=&quot;https:\/\/calmaibizamassage.com\/politica-de-privacidad\/&quot;&gt;pol\u00edtica de Privacidad&lt;\/a&gt;\" id=\"form-field-field_8efad73-0\" name=\"form_fields[field_8efad73]\"> <label for=\"form-field-field_8efad73-0\">Acepto la <a href=\"https:\/\/calmaibizamassage.com\/politica-de-privacidad\/\">pol\u00edtica de Privacidad<\/a><\/label><\/span><\/div>\t\t\t\t<\/div>\n\t\t\t\t\t\t\t\t<div class=\"elementor-field-group elementor-column elementor-field-type-submit elementor-col-100 e-form__buttons\">\n\t\t\t\t\t<button class=\"elementor-button elementor-size-sm\" type=\"submit\">\n\t\t\t\t\t\t<span class=\"elementor-button-content-wrapper\">\n\t\t\t\t\t\t\t\t\t\t\t\t\t\t\t\t\t\t\t\t\t\t<span class=\"elementor-button-text\">Enviar<\/span>\n\t\t\t\t\t\t\t\t\t\t\t\t\t<\/span>\n\t\t\t\t\t<\/button>\n\t\t\t\t<\/div>\n\t\t\t<\/div>\n\t\t<\/form>\n\t\t\t\t\t\t<\/div>\n\t\t\t\t<\/div>\n\t\t\t\t<div class=\"elementor-element elementor-element-ab1b761 elementor-hidden-mobile elementor-widget elementor-widget-image\" data-id=\"ab1b761\" data-element_type=\"widget\" data-e-type=\"widget\" data-widget_type=\"image.default\">\n\t\t\t\t<div class=\"elementor-widget-container\">\n\t\t\t\t\t\t\t\t\t\t\t\t\t\t\t<img decoding=\"async\" width=\"323\" height=\"356\" src=\"https:\/\/calmaibizamassage.com\/wp-content\/uploads\/2023\/04\/CALMA-IBIZA-1.png\" class=\"attachment-full size-full wp-image-1403\" alt=\"\" srcset=\"https:\/\/calmaibizamassage.com\/wp-content\/uploads\/2023\/04\/CALMA-IBIZA-1.png 323w, https:\/\/calmaibizamassage.com\/wp-content\/uploads\/2023\/04\/CALMA-IBIZA-1-272x300.png 272w\" sizes=\"(max-width: 323px) 100vw, 323px\" \/>\t\t\t\t\t\t\t\t\t\t\t\t\t\t\t<\/div>\n\t\t\t\t<\/div>\n\t\t\t\t\t<\/div>\n\t\t<\/div>\n\t\t\t\t\t<\/div>\n\t\t<\/section>\n\t\t\t\t\t<\/div>\n\t\t<\/div>\n\t\t\t\t\t<\/div>\n\t\t<\/section>\n\t\t\t\t<\/div>\n\t\t","protected":false},"excerpt":{"rendered":"<p>If you have arrived here it is because you need more information or because you want to book one of our treatments. In either case you can get in touch by filling out the form below or viaWhatsapp Learn more about us Envelope Youtube Instagram Contact me at Fill out the form and I will &#8230; <a title=\"Contact\" class=\"read-more\" href=\"https:\/\/calmaibizamassage.com\/en\/contact\/\" aria-label=\"Read more about Contact\">Read more<\/a><\/p>\n","protected":false},"author":1,"featured_media":0,"parent":0,"menu_order":0,"comment_status":"closed","ping_status":"closed","template":"","meta":{"_joinchat":[],"footnotes":""},"class_list":["post-2014","page","type-page","status-publish"],"yoast_head":"<!-- This site is optimized with the Yoast SEO plugin v27.5 - https:\/\/yoast.com\/product\/yoast-seo-wordpress\/ -->\n<title>Contact - Calma Ibiza Massage<\/title>\n<meta name=\"robots\" content=\"index, follow, max-snippet:-1, max-image-preview:large, max-video-preview:-1\" \/>\n<link rel=\"canonical\" href=\"https:\/\/calmaibizamassage.com\/contact\/\" \/>\n<meta property=\"og:locale\" content=\"en_US\" \/>\n<meta property=\"og:type\" content=\"article\" \/>\n<meta property=\"og:title\" content=\"Contact - Calma Ibiza Massage\" \/>\n<meta property=\"og:description\" content=\"If you have arrived here it is because you need more information or because you want to book one of our treatments. In either case you can get in touch by filling out the form below or viaWhatsapp Learn more about us Envelope Youtube Instagram Contact me at Fill out the form and I will ... Read more\" \/>\n<meta property=\"og:url\" content=\"https:\/\/calmaibizamassage.com\/contact\/\" \/>\n<meta property=\"og:site_name\" content=\"Calma Ibiza Massage\" \/>\n<meta property=\"og:image\" content=\"https:\/\/calmaibizamassage.com\/wp-content\/uploads\/2023\/05\/774-scaled.jpeg\" \/>\n<meta name=\"twitter:card\" content=\"summary_large_image\" \/>\n<script type=\"application\/ld+json\" class=\"yoast-schema-graph\">{\"@context\":\"https:\\\/\\\/schema.org\",\"@graph\":[{\"@type\":\"WebPage\",\"@id\":\"https:\\\/\\\/calmaibizamassage.com\\\/contact\\\/\",\"url\":\"https:\\\/\\\/calmaibizamassage.com\\\/contact\\\/\",\"name\":\"Contact - Calma Ibiza Massage\",\"isPartOf\":{\"@id\":\"https:\\\/\\\/calmaibizamassage.com\\\/#website\"},\"primaryImageOfPage\":{\"@id\":\"https:\\\/\\\/calmaibizamassage.com\\\/contact\\\/#primaryimage\"},\"image\":{\"@id\":\"https:\\\/\\\/calmaibizamassage.com\\\/contact\\\/#primaryimage\"},\"thumbnailUrl\":\"https:\\\/\\\/calmaibizamassage.com\\\/wp-content\\\/uploads\\\/2023\\\/05\\\/774-scaled.jpeg\",\"datePublished\":\"2023-04-27T14:31:33+00:00\",\"breadcrumb\":{\"@id\":\"https:\\\/\\\/calmaibizamassage.com\\\/contact\\\/#breadcrumb\"},\"inLanguage\":\"en-US\",\"potentialAction\":[{\"@type\":\"ReadAction\",\"target\":[\"https:\\\/\\\/calmaibizamassage.com\\\/contact\\\/\"]}]},{\"@type\":\"ImageObject\",\"inLanguage\":\"en-US\",\"@id\":\"https:\\\/\\\/calmaibizamassage.com\\\/contact\\\/#primaryimage\",\"url\":\"https:\\\/\\\/calmaibizamassage.com\\\/wp-content\\\/uploads\\\/2023\\\/05\\\/774-scaled.jpeg\",\"contentUrl\":\"https:\\\/\\\/calmaibizamassage.com\\\/wp-content\\\/uploads\\\/2023\\\/05\\\/774-scaled.jpeg\"},{\"@type\":\"BreadcrumbList\",\"@id\":\"https:\\\/\\\/calmaibizamassage.com\\\/contact\\\/#breadcrumb\",\"itemListElement\":[{\"@type\":\"ListItem\",\"position\":1,\"name\":\"Portada\",\"item\":\"https:\\\/\\\/calmaibizamassage.com\\\/en\\\/\"},{\"@type\":\"ListItem\",\"position\":2,\"name\":\"Contact\"}]},{\"@type\":\"WebSite\",\"@id\":\"https:\\\/\\\/calmaibizamassage.com\\\/#website\",\"url\":\"https:\\\/\\\/calmaibizamassage.com\\\/\",\"name\":\"Calma Ibiza Massage\",\"description\":\"By Danae Cuenca\",\"publisher\":{\"@id\":\"https:\\\/\\\/calmaibizamassage.com\\\/#organization\"},\"potentialAction\":[{\"@type\":\"SearchAction\",\"target\":{\"@type\":\"EntryPoint\",\"urlTemplate\":\"https:\\\/\\\/calmaibizamassage.com\\\/?s={search_term_string}\"},\"query-input\":{\"@type\":\"PropertyValueSpecification\",\"valueRequired\":true,\"valueName\":\"search_term_string\"}}],\"inLanguage\":\"en-US\"},{\"@type\":\"Organization\",\"@id\":\"https:\\\/\\\/calmaibizamassage.com\\\/#organization\",\"name\":\"Calma Ibiza Massage\",\"url\":\"https:\\\/\\\/calmaibizamassage.com\\\/\",\"logo\":{\"@type\":\"ImageObject\",\"inLanguage\":\"en-US\",\"@id\":\"https:\\\/\\\/calmaibizamassage.com\\\/#\\\/schema\\\/logo\\\/image\\\/\",\"url\":\"https:\\\/\\\/calmaibizamassage.com\\\/wp-content\\\/uploads\\\/2023\\\/04\\\/CALMA-IBIZA-1.png\",\"contentUrl\":\"https:\\\/\\\/calmaibizamassage.com\\\/wp-content\\\/uploads\\\/2023\\\/04\\\/CALMA-IBIZA-1.png\",\"width\":323,\"height\":356,\"caption\":\"Calma Ibiza Massage\"},\"image\":{\"@id\":\"https:\\\/\\\/calmaibizamassage.com\\\/#\\\/schema\\\/logo\\\/image\\\/\"},\"sameAs\":[\"https:\\\/\\\/www.instagram.com\\\/calma_ibiza_massage\\\/\",\"https:\\\/\\\/www.youtube.com\\\/channel\\\/UCk7MAfH6ToDYqdJJlT1kDbw\"]}]}<\/script>\n<!-- \/ Yoast SEO plugin. -->","yoast_head_json":{"title":"Contact - Calma Ibiza Massage","robots":{"index":"index","follow":"follow","max-snippet":"max-snippet:-1","max-image-preview":"max-image-preview:large","max-video-preview":"max-video-preview:-1"},"canonical":"https:\/\/calmaibizamassage.com\/contact\/","og_locale":"en_US","og_type":"article","og_title":"Contact - Calma Ibiza Massage","og_description":"If you have arrived here it is because you need more information or because you want to book one of our treatments. In either case you can get in touch by filling out the form below or viaWhatsapp Learn more about us Envelope Youtube Instagram Contact me at Fill out the form and I will ... Read more","og_url":"https:\/\/calmaibizamassage.com\/contact\/","og_site_name":"Calma Ibiza Massage","og_image":[{"url":"https:\/\/calmaibizamassage.com\/wp-content\/uploads\/2023\/05\/774-scaled.jpeg","type":"","width":"","height":""}],"twitter_card":"summary_large_image","schema":{"@context":"https:\/\/schema.org","@graph":[{"@type":"WebPage","@id":"https:\/\/calmaibizamassage.com\/contact\/","url":"https:\/\/calmaibizamassage.com\/contact\/","name":"Contact - Calma Ibiza Massage","isPartOf":{"@id":"https:\/\/calmaibizamassage.com\/#website"},"primaryImageOfPage":{"@id":"https:\/\/calmaibizamassage.com\/contact\/#primaryimage"},"image":{"@id":"https:\/\/calmaibizamassage.com\/contact\/#primaryimage"},"thumbnailUrl":"https:\/\/calmaibizamassage.com\/wp-content\/uploads\/2023\/05\/774-scaled.jpeg","datePublished":"2023-04-27T14:31:33+00:00","breadcrumb":{"@id":"https:\/\/calmaibizamassage.com\/contact\/#breadcrumb"},"inLanguage":"en-US","potentialAction":[{"@type":"ReadAction","target":["https:\/\/calmaibizamassage.com\/contact\/"]}]},{"@type":"ImageObject","inLanguage":"en-US","@id":"https:\/\/calmaibizamassage.com\/contact\/#primaryimage","url":"https:\/\/calmaibizamassage.com\/wp-content\/uploads\/2023\/05\/774-scaled.jpeg","contentUrl":"https:\/\/calmaibizamassage.com\/wp-content\/uploads\/2023\/05\/774-scaled.jpeg"},{"@type":"BreadcrumbList","@id":"https:\/\/calmaibizamassage.com\/contact\/#breadcrumb","itemListElement":[{"@type":"ListItem","position":1,"name":"Portada","item":"https:\/\/calmaibizamassage.com\/en\/"},{"@type":"ListItem","position":2,"name":"Contact"}]},{"@type":"WebSite","@id":"https:\/\/calmaibizamassage.com\/#website","url":"https:\/\/calmaibizamassage.com\/","name":"Calma Ibiza Massage","description":"By Danae Cuenca","publisher":{"@id":"https:\/\/calmaibizamassage.com\/#organization"},"potentialAction":[{"@type":"SearchAction","target":{"@type":"EntryPoint","urlTemplate":"https:\/\/calmaibizamassage.com\/?s={search_term_string}"},"query-input":{"@type":"PropertyValueSpecification","valueRequired":true,"valueName":"search_term_string"}}],"inLanguage":"en-US"},{"@type":"Organization","@id":"https:\/\/calmaibizamassage.com\/#organization","name":"Calma Ibiza Massage","url":"https:\/\/calmaibizamassage.com\/","logo":{"@type":"ImageObject","inLanguage":"en-US","@id":"https:\/\/calmaibizamassage.com\/#\/schema\/logo\/image\/","url":"https:\/\/calmaibizamassage.com\/wp-content\/uploads\/2023\/04\/CALMA-IBIZA-1.png","contentUrl":"https:\/\/calmaibizamassage.com\/wp-content\/uploads\/2023\/04\/CALMA-IBIZA-1.png","width":323,"height":356,"caption":"Calma Ibiza Massage"},"image":{"@id":"https:\/\/calmaibizamassage.com\/#\/schema\/logo\/image\/"},"sameAs":["https:\/\/www.instagram.com\/calma_ibiza_massage\/","https:\/\/www.youtube.com\/channel\/UCk7MAfH6ToDYqdJJlT1kDbw"]}]}},"_links":{"self":[{"href":"https:\/\/calmaibizamassage.com\/en\/wp-json\/wp\/v2\/pages\/2014","targetHints":{"allow":["GET"]}}],"collection":[{"href":"https:\/\/calmaibizamassage.com\/en\/wp-json\/wp\/v2\/pages"}],"about":[{"href":"https:\/\/calmaibizamassage.com\/en\/wp-json\/wp\/v2\/types\/page"}],"author":[{"embeddable":true,"href":"https:\/\/calmaibizamassage.com\/en\/wp-json\/wp\/v2\/users\/1"}],"replies":[{"embeddable":true,"href":"https:\/\/calmaibizamassage.com\/en\/wp-json\/wp\/v2\/comments?post=2014"}],"version-history":[{"count":0,"href":"https:\/\/calmaibizamassage.com\/en\/wp-json\/wp\/v2\/pages\/2014\/revisions"}],"wp:attachment":[{"href":"https:\/\/calmaibizamassage.com\/en\/wp-json\/wp\/v2\/media?parent=2014"}],"curies":[{"name":"wp","href":"https:\/\/api.w.org\/{rel}","templated":true}]}}